{"id":737,"date":"2024-04-09T22:15:50","date_gmt":"2024-04-09T22:15:50","guid":{"rendered":"https:\/\/www.suigenerisaosta.com\/la-nostra-filosofia\/"},"modified":"2024-06-22T06:57:39","modified_gmt":"2024-06-22T06:57:39","slug":"la-nostra-filosofia","status":"publish","type":"page","link":"https:\/\/www.suigenerisaosta.com\/fr\/la-nostra-filosofia\/","title":{"rendered":"Notre Philosophie"},"content":{"rendered":"\t\t<div data-elementor-type=\"wp-page\" data-elementor-id=\"737\" class=\"elementor elementor-737 elementor-210\" data-elementor-post-type=\"page\">\n\t\t\t\t<div class=\"elementor-element elementor-element-4daac68 e-flex e-con-boxed e-con e-parent\" data-id=\"4daac68\" data-element_type=\"container\" data-e-type=\"container\">\n\t\t\t\t\t<div class=\"e-con-inner\">\n\t\t\t\t<div class=\"elementor-element elementor-element-ba1f175 elementor-widget elementor-widget-heading\" data-id=\"ba1f175\" data-element_type=\"widget\" data-e-type=\"widget\" data-widget_type=\"heading.default\">\n\t\t\t\t<div class=\"elementor-widget-container\">\n\t\t\t\t\t<h2 class=\"elementor-heading-title elementor-size-default\">Notre structure est intelligente !<\/h2>\t\t\t\t<\/div>\n\t\t\t\t<\/div>\n\t\t\t\t<div class=\"elementor-element elementor-element-f2e7ae0 elementor-widget-divider--separator-type-pattern elementor-widget-divider--no-spacing elementor-widget-divider--view-line elementor-widget elementor-widget-divider\" data-id=\"f2e7ae0\" data-element_type=\"widget\" data-e-type=\"widget\" data-widget_type=\"divider.default\">\n\t\t\t\t<div class=\"elementor-widget-container\">\n\t\t\t\t\t\t\t<div class=\"elementor-divider\" style=\"--divider-pattern-url: url(&quot;data:image\/svg+xml,%3Csvg xmlns=&#039;http:\/\/www.w3.org\/2000\/svg&#039; preserveAspectRatio=&#039;xMidYMid meet&#039; overflow=&#039;visible&#039; height=&#039;100%&#039; viewBox=&#039;0 0 126 26&#039; fill=&#039;black&#039; stroke=&#039;none&#039;%3E%3Cpath d=&#039;M46.8,7.8v11.5L36,18.6V7.8H46.8z M82.4,7.8L84,18.6l-12,0.7L70.4,7.8H82.4z M0,7.8l12,0.9v9.9H1.3L0,7.8z M30,7.8v10.8H19L18,7.8H30z M63.7,7.8L66,18.6H54V9.5L63.7,7.8z M89.8,7L102,7.8v10.8H91.2L89.8,7zM108,7.8l12,0.9v8.9l-12,1V7.8z&#039;\/%3E%3C\/svg%3E&quot;);\">\n\t\t\t<span class=\"elementor-divider-separator\">\n\t\t\t\t\t\t<\/span>\n\t\t<\/div>\n\t\t\t\t\t\t<\/div>\n\t\t\t\t<\/div>\n\t\t\t\t\t<\/div>\n\t\t\t\t<\/div>\n\t\t<div class=\"elementor-element elementor-element-b9ab8bf elementor-hidden-desktop elementor-hidden-tablet elementor-hidden-mobile e-flex e-con-boxed e-con e-child\" data-id=\"b9ab8bf\" data-element_type=\"container\" data-e-type=\"container\" data-settings=\"{&quot;background_background&quot;:&quot;classic&quot;,&quot;sticky&quot;:&quot;top&quot;,&quot;sticky_on&quot;:[&quot;desktop&quot;,&quot;tablet&quot;,&quot;mobile&quot;],&quot;sticky_offset&quot;:0,&quot;sticky_effects_offset&quot;:0,&quot;sticky_anchor_link_offset&quot;:0}\">\n\t\t\t\t\t<div class=\"e-con-inner\">\n\t\t\t\t<div class=\"elementor-element elementor-element-5043a59 elementor-hidden-tablet elementor-hidden-mobile elementor-view-default elementor-widget elementor-widget-icon\" data-id=\"5043a59\" data-element_type=\"widget\" data-e-type=\"widget\" data-widget_type=\"icon.default\">\n\t\t\t\t<div class=\"elementor-widget-container\">\n\t\t\t\t\t\t\t<div class=\"elementor-icon-wrapper\">\n\t\t\t<div class=\"elementor-icon\">\n\t\t\t<svg aria-hidden=\"true\" class=\"e-font-icon-svg e-far-calendar-alt\" viewBox=\"0 0 448 512\" xmlns=\"http:\/\/www.w3.org\/2000\/svg\"><path d=\"M148 288h-40c-6.6 0-12-5.4-12-12v-40c0-6.6 5.4-12 12-12h40c6.6 0 12 5.4 12 12v40c0 6.6-5.4 12-12 12zm108-12v-40c0-6.6-5.4-12-12-12h-40c-6.6 0-12 5.4-12 12v40c0 6.6 5.4 12 12 12h40c6.6 0 12-5.4 12-12zm96 0v-40c0-6.6-5.4-12-12-12h-40c-6.6 0-12 5.4-12 12v40c0 6.6 5.4 12 12 12h40c6.6 0 12-5.4 12-12zm-96 96v-40c0-6.6-5.4-12-12-12h-40c-6.6 0-12 5.4-12 12v40c0 6.6 5.4 12 12 12h40c6.6 0 12-5.4 12-12zm-96 0v-40c0-6.6-5.4-12-12-12h-40c-6.6 0-12 5.4-12 12v40c0 6.6 5.4 12 12 12h40c6.6 0 12-5.4 12-12zm192 0v-40c0-6.6-5.4-12-12-12h-40c-6.6 0-12 5.4-12 12v40c0 6.6 5.4 12 12 12h40c6.6 0 12-5.4 12-12zm96-260v352c0 26.5-21.5 48-48 48H48c-26.5 0-48-21.5-48-48V112c0-26.5 21.5-48 48-48h48V12c0-6.6 5.4-12 12-12h40c6.6 0 12 5.4 12 12v52h128V12c0-6.6 5.4-12 12-12h40c6.6 0 12 5.4 12 12v52h48c26.5 0 48 21.5 48 48zm-48 346V160H48v298c0 3.3 2.7 6 6 6h340c3.3 0 6-2.7 6-6z\"><\/path><\/svg>\t\t\t<\/div>\n\t\t<\/div>\n\t\t\t\t\t\t<\/div>\n\t\t\t\t<\/div>\n\t\t\t\t<div class=\"elementor-element elementor-element-ecf2951 elementor-widget__width-auto elementor-widget elementor-widget-html\" data-id=\"ecf2951\" data-element_type=\"widget\" data-e-type=\"widget\" data-widget_type=\"html.default\">\n\t\t\t\t<div class=\"elementor-widget-container\">\n\t\t\t\t\t<!-- Bedzzle Widget Start -->\n<input id=\"be-cal-1a\" type=\"hidden\">\n<input id=\"be-checkin-1a\" type=\"text\" placeholder=\"Check In\">\n<input id=\"be-checkout-1a\" type=\"text\" placeholder=\"Check Out\">\n\n<select id=\"be-adults-1a\">\n\t<option value=\"\" disabled selected>Adultes<\/option>\n\t<option value=\"1\">1 adulte<\/option>\n\t<option value=\"2\">2 adultes<\/option>\n\t<option value=\"3\">3 adultes<\/option>\n\t<option value=\"4\">4 adultes<\/option>\n<\/select>\n<select id=\"be-children-1a\">\n\t<option value=\"\" disabled selected>Enfants<\/option>\n\t<option value=\"0\">0 enfants<\/option>\n\t<option value=\"1\">1 enfant<\/option>\n\t<option value=\"2\">2 enfants<\/option>\n\t<option value=\"3\">3 enfants<\/option>\n\n\n<\/select>\n\n\n<button id=\"be-submit-1a\">Book now<\/button>\n\n<script>\n\tfunction initBedzzle() {\n\t\tvar BedzzleWidget1a = new bzlwgtbe({\n\t\t\tclient: new bzlapi({\n\t    \t\tapiKey: \"fee8c0e6a22b5b283f615a5a137a479b\"\n\t    \t}),\n\t\t\ttype: \"search\",\n\t\t\toptions: {\n\t\t\t\tcalendarTarget: \"#be-cal-1a\",\n\t\t\t\tcheckInSelector: \"#be-checkin-1a\",\n\t\t\t\tcheckOutSelector: \"#be-checkout-1a\",\n\t\t\t\tadultsNumSelector: \"#be-adults-1a\",\n\t\t\t\tchildrenNumSelector: \"#be-children-1a\",\n\t\t\t\tsubmitSelector: \"#be-submit-1a\"\n\t\t\t}\n\t\t});\n\t}\n<\/script>\n<!-- Bedzzle Widget End -->\t\t\t\t<\/div>\n\t\t\t\t<\/div>\n\t\t\t\t\t<\/div>\n\t\t\t\t<\/div>\n\t\t<div class=\"elementor-element elementor-element-f9b711f e-flex e-con-boxed e-con e-parent\" data-id=\"f9b711f\" data-element_type=\"container\" data-e-type=\"container\">\n\t\t\t\t\t<div class=\"e-con-inner\">\n\t\t<div class=\"elementor-element elementor-element-0e16b00 e-con-full e-flex e-con e-child\" data-id=\"0e16b00\" data-element_type=\"container\" data-e-type=\"container\">\n\t\t\t\t<div class=\"elementor-element elementor-element-65305d2 elementor-widget elementor-widget-heading\" data-id=\"65305d2\" data-element_type=\"widget\" data-e-type=\"widget\" data-widget_type=\"heading.default\">\n\t\t\t\t<div class=\"elementor-widget-container\">\n\t\t\t\t\t<h2 class=\"elementor-heading-title elementor-size-default\">Confort maximal pour une exp\u00e9rience de s\u00e9jour durable et saine. <\/h2>\t\t\t\t<\/div>\n\t\t\t\t<\/div>\n\t\t\t\t<\/div>\n\t\t<div class=\"elementor-element elementor-element-507a567 e-con-full e-flex e-con e-child\" data-id=\"507a567\" data-element_type=\"container\" data-e-type=\"container\">\n\t\t\t\t<div class=\"elementor-element elementor-element-1fdbea5 elementor-widget elementor-widget-text-editor\" data-id=\"1fdbea5\" data-element_type=\"widget\" data-e-type=\"widget\" data-widget_type=\"text-editor.default\">\n\t\t\t\t<div class=\"elementor-widget-container\">\n\t\t\t\t\t\t\t\t\t<p><strong>Isolation acoustique et thermique,<\/strong> vous permettant de vous reposer paisiblement et de maintenir une temp\u00e9rature int\u00e9rieure agr\u00e9able en toute saison.<\/p>\n<p><strong>Ventilation m\u00e9canique<\/strong> assurant un <strong>air frais et propre.<\/strong><\/p>\n<p>Construite avec des <span style=\"font-weight: bolder;\">mat\u00e9riaux \u00e9cologiques.<\/span><strong><br \/><\/strong><\/p>\n<p><strong>Chauffage par le sol <\/strong> pour une distribution uniforme de la chaleur.<\/p>\n<p><strong>La production de chaleur<\/strong> est assur\u00e9e par une <strong>pompe \u00e0 chaleur<\/strong> aliment\u00e9e par des <strong>panneaux photovolta\u00efques<\/strong> et un <strong> syst\u00e8me g\u00e9othermique.<\/strong> <\/p>\n\t\t\t\t\t\t\t\t<\/div>\n\t\t\t\t<\/div>\n\t\t\t\t<\/div>\n\t\t\t\t\t<\/div>\n\t\t\t\t<\/div>\n\t\t<div class=\"elementor-element elementor-element-a2caa64 e-flex e-con-boxed e-con e-parent\" data-id=\"a2caa64\" data-element_type=\"container\" data-e-type=\"container\">\n\t\t\t\t\t<div class=\"e-con-inner\">\n\t\t\t\t<div class=\"elementor-element elementor-element-32e2306 elementor-widget elementor-widget-gallery\" data-id=\"32e2306\" data-element_type=\"widget\" data-e-type=\"widget\" data-settings=\"{&quot;columns&quot;:3,&quot;aspect_ratio&quot;:&quot;1:1&quot;,&quot;columns_mobile&quot;:2,&quot;lazyload&quot;:&quot;yes&quot;,&quot;gallery_layout&quot;:&quot;grid&quot;,&quot;columns_tablet&quot;:2,&quot;gap&quot;:{&quot;unit&quot;:&quot;px&quot;,&quot;size&quot;:10,&quot;sizes&quot;:[]},&quot;gap_tablet&quot;:{&quot;unit&quot;:&quot;px&quot;,&quot;size&quot;:10,&quot;sizes&quot;:[]},&quot;gap_mobile&quot;:{&quot;unit&quot;:&quot;px&quot;,&quot;size&quot;:10,&quot;sizes&quot;:[]},&quot;link_to&quot;:&quot;file&quot;,&quot;overlay_background&quot;:&quot;yes&quot;,&quot;content_hover_animation&quot;:&quot;fade-in&quot;}\" data-widget_type=\"gallery.default\">\n\t\t\t\t<div class=\"elementor-widget-container\">\n\t\t\t\t\t\t\t<div class=\"elementor-gallery__container\">\n\t\t\t\t\t\t\t<a class=\"e-gallery-item elementor-gallery-item elementor-animated-content\" href=\"https:\/\/www.suigenerisaosta.com\/wp-content\/uploads\/2024\/04\/SUI-GENERIS-AOSTA-DETTAGLI-2495.jpg\" data-elementor-open-lightbox=\"yes\" data-elementor-lightbox-slideshow=\"32e2306\" data-e-action-hash=\"#elementor-action%3Aaction%3Dlightbox%26settings%3DeyJpZCI6ODcsInVybCI6Imh0dHBzOlwvXC93d3cuc3VpZ2VuZXJpc2Fvc3RhLmNvbVwvd3AtY29udGVudFwvdXBsb2Fkc1wvMjAyNFwvMDRcL1NVSS1HRU5FUklTLUFPU1RBLURFVFRBR0xJLTI0OTUuanBnIiwic2xpZGVzaG93IjoiMzJlMjMwNiJ9\">\n\t\t\t\t\t<div class=\"e-gallery-image elementor-gallery-item__image\" data-thumbnail=\"https:\/\/www.suigenerisaosta.com\/wp-content\/uploads\/2024\/04\/SUI-GENERIS-AOSTA-DETTAGLI-2495-683x1024.jpg\" data-width=\"683\" data-height=\"1024\" aria-label=\"\" role=\"img\" ><\/div>\n\t\t\t\t\t\t\t\t\t\t\t<div class=\"elementor-gallery-item__overlay\"><\/div>\n\t\t\t\t\t\t\t\t\t\t\t\t\t\t<\/a>\n\t\t\t\t\t\t\t<a class=\"e-gallery-item elementor-gallery-item elementor-animated-content\" href=\"https:\/\/www.suigenerisaosta.com\/wp-content\/uploads\/2024\/04\/SUI-GENERIS-AOSTA-DETTAGLI-2498.jpg\" data-elementor-open-lightbox=\"yes\" data-elementor-lightbox-slideshow=\"32e2306\" data-e-action-hash=\"#elementor-action%3Aaction%3Dlightbox%26settings%3DeyJpZCI6ODgsInVybCI6Imh0dHBzOlwvXC93d3cuc3VpZ2VuZXJpc2Fvc3RhLmNvbVwvd3AtY29udGVudFwvdXBsb2Fkc1wvMjAyNFwvMDRcL1NVSS1HRU5FUklTLUFPU1RBLURFVFRBR0xJLTI0OTguanBnIiwic2xpZGVzaG93IjoiMzJlMjMwNiJ9\">\n\t\t\t\t\t<div class=\"e-gallery-image elementor-gallery-item__image\" data-thumbnail=\"https:\/\/www.suigenerisaosta.com\/wp-content\/uploads\/2024\/04\/SUI-GENERIS-AOSTA-DETTAGLI-2498-1024x683.jpg\" data-width=\"800\" data-height=\"534\" aria-label=\"\" role=\"img\" ><\/div>\n\t\t\t\t\t\t\t\t\t\t\t<div class=\"elementor-gallery-item__overlay\"><\/div>\n\t\t\t\t\t\t\t\t\t\t\t\t\t\t<\/a>\n\t\t\t\t\t\t\t<a class=\"e-gallery-item elementor-gallery-item elementor-animated-content\" href=\"https:\/\/www.suigenerisaosta.com\/wp-content\/uploads\/2024\/04\/SUI-GENERIS-AOSTA-ESTERNO-2766.jpg\" data-elementor-open-lightbox=\"yes\" data-elementor-lightbox-slideshow=\"32e2306\" data-e-action-hash=\"#elementor-action%3Aaction%3Dlightbox%26settings%3DeyJpZCI6ODEsInVybCI6Imh0dHBzOlwvXC93d3cuc3VpZ2VuZXJpc2Fvc3RhLmNvbVwvd3AtY29udGVudFwvdXBsb2Fkc1wvMjAyNFwvMDRcL1NVSS1HRU5FUklTLUFPU1RBLUVTVEVSTk8tMjc2Ni5qcGciLCJzbGlkZXNob3ciOiIzMmUyMzA2In0%3D\">\n\t\t\t\t\t<div class=\"e-gallery-image elementor-gallery-item__image\" data-thumbnail=\"https:\/\/www.suigenerisaosta.com\/wp-content\/uploads\/2024\/04\/SUI-GENERIS-AOSTA-ESTERNO-2766-1024x683.jpg\" data-width=\"800\" data-height=\"534\" aria-label=\"\" role=\"img\" ><\/div>\n\t\t\t\t\t\t\t\t\t\t\t<div class=\"elementor-gallery-item__overlay\"><\/div>\n\t\t\t\t\t\t\t\t\t\t\t\t\t\t<\/a>\n\t\t\t\t\t\t\t<a class=\"e-gallery-item elementor-gallery-item elementor-animated-content\" href=\"https:\/\/www.suigenerisaosta.com\/wp-content\/uploads\/2024\/04\/SUI-GENERIS-AOSTA-ESTERNO-2769.jpg\" data-elementor-open-lightbox=\"yes\" data-elementor-lightbox-slideshow=\"32e2306\" data-e-action-hash=\"#elementor-action%3Aaction%3Dlightbox%26settings%3DeyJpZCI6ODQsInVybCI6Imh0dHBzOlwvXC93d3cuc3VpZ2VuZXJpc2Fvc3RhLmNvbVwvd3AtY29udGVudFwvdXBsb2Fkc1wvMjAyNFwvMDRcL1NVSS1HRU5FUklTLUFPU1RBLUVTVEVSTk8tMjc2OS5qcGciLCJzbGlkZXNob3ciOiIzMmUyMzA2In0%3D\">\n\t\t\t\t\t<div class=\"e-gallery-image elementor-gallery-item__image\" data-thumbnail=\"https:\/\/www.suigenerisaosta.com\/wp-content\/uploads\/2024\/04\/SUI-GENERIS-AOSTA-ESTERNO-2769-1024x683.jpg\" data-width=\"800\" data-height=\"534\" aria-label=\"\" role=\"img\" ><\/div>\n\t\t\t\t\t\t\t\t\t\t\t<div class=\"elementor-gallery-item__overlay\"><\/div>\n\t\t\t\t\t\t\t\t\t\t\t\t\t\t<\/a>\n\t\t\t\t\t\t\t<a class=\"e-gallery-item elementor-gallery-item elementor-animated-content\" href=\"https:\/\/www.suigenerisaosta.com\/wp-content\/uploads\/2024\/04\/SUI-GENERIS-AOSTA-ESTERNO-2767.jpg\" data-elementor-open-lightbox=\"yes\" data-elementor-lightbox-slideshow=\"32e2306\" data-e-action-hash=\"#elementor-action%3Aaction%3Dlightbox%26settings%3DeyJpZCI6ODIsInVybCI6Imh0dHBzOlwvXC93d3cuc3VpZ2VuZXJpc2Fvc3RhLmNvbVwvd3AtY29udGVudFwvdXBsb2Fkc1wvMjAyNFwvMDRcL1NVSS1HRU5FUklTLUFPU1RBLUVTVEVSTk8tMjc2Ny5qcGciLCJzbGlkZXNob3ciOiIzMmUyMzA2In0%3D\">\n\t\t\t\t\t<div class=\"e-gallery-image elementor-gallery-item__image\" data-thumbnail=\"https:\/\/www.suigenerisaosta.com\/wp-content\/uploads\/2024\/04\/SUI-GENERIS-AOSTA-ESTERNO-2767-1024x683.jpg\" data-width=\"800\" data-height=\"534\" aria-label=\"\" role=\"img\" ><\/div>\n\t\t\t\t\t\t\t\t\t\t\t<div class=\"elementor-gallery-item__overlay\"><\/div>\n\t\t\t\t\t\t\t\t\t\t\t\t\t\t<\/a>\n\t\t\t\t\t\t\t<a class=\"e-gallery-item elementor-gallery-item elementor-animated-content\" href=\"https:\/\/www.suigenerisaosta.com\/wp-content\/uploads\/2024\/04\/SUI-GENERIS-AOSTA-ESTERNO-2755.jpg\" data-elementor-open-lightbox=\"yes\" data-elementor-lightbox-slideshow=\"32e2306\" data-e-action-hash=\"#elementor-action%3Aaction%3Dlightbox%26settings%3DeyJpZCI6NzQsInVybCI6Imh0dHBzOlwvXC93d3cuc3VpZ2VuZXJpc2Fvc3RhLmNvbVwvd3AtY29udGVudFwvdXBsb2Fkc1wvMjAyNFwvMDRcL1NVSS1HRU5FUklTLUFPU1RBLUVTVEVSTk8tMjc1NS5qcGciLCJzbGlkZXNob3ciOiIzMmUyMzA2In0%3D\">\n\t\t\t\t\t<div class=\"e-gallery-image elementor-gallery-item__image\" data-thumbnail=\"https:\/\/www.suigenerisaosta.com\/wp-content\/uploads\/2024\/04\/SUI-GENERIS-AOSTA-ESTERNO-2755-683x1024.jpg\" data-width=\"683\" data-height=\"1024\" aria-label=\"\" role=\"img\" ><\/div>\n\t\t\t\t\t\t\t\t\t\t\t<div class=\"elementor-gallery-item__overlay\"><\/div>\n\t\t\t\t\t\t\t\t\t\t\t\t\t\t<\/a>\n\t\t\t\t\t<\/div>\n\t\t\t\t\t<\/div>\n\t\t\t\t<\/div>\n\t\t\t\t\t<\/div>\n\t\t\t\t<\/div>\n\t\t\t\t<\/div>\n\t\t","protected":false},"excerpt":{"rendered":"<p>Notre structure est intelligente ! Adultes1 adulte2 adultes3 adultes4 adultes Enfants0 enfants1 enfant2 enfants3 enfants Book now Confort maximal pour une exp\u00e9rience de s\u00e9jour durable et saine. Isolation acoustique et thermique, vous permettant de vous reposer paisiblement et de maintenir une temp\u00e9rature int\u00e9rieure agr\u00e9able en toute saison. Ventilation m\u00e9canique assurant un air frais et propre. [&hellip;]<\/p>\n","protected":false},"author":1,"featured_media":0,"parent":0,"menu_order":0,"comment_status":"closed","ping_status":"closed","template":"","meta":{"_joinchat":[],"footnotes":""},"class_list":["post-737","page","type-page","status-publish","hentry"],"_links":{"self":[{"href":"https:\/\/www.suigenerisaosta.com\/fr\/wp-json\/wp\/v2\/pages\/737","targetHints":{"allow":["GET"]}}],"collection":[{"href":"https:\/\/www.suigenerisaosta.com\/fr\/wp-json\/wp\/v2\/pages"}],"about":[{"href":"https:\/\/www.suigenerisaosta.com\/fr\/wp-json\/wp\/v2\/types\/page"}],"author":[{"embeddable":true,"href":"https:\/\/www.suigenerisaosta.com\/fr\/wp-json\/wp\/v2\/users\/1"}],"replies":[{"embeddable":true,"href":"https:\/\/www.suigenerisaosta.com\/fr\/wp-json\/wp\/v2\/comments?post=737"}],"version-history":[{"count":4,"href":"https:\/\/www.suigenerisaosta.com\/fr\/wp-json\/wp\/v2\/pages\/737\/revisions"}],"predecessor-version":[{"id":854,"href":"https:\/\/www.suigenerisaosta.com\/fr\/wp-json\/wp\/v2\/pages\/737\/revisions\/854"}],"wp:attachment":[{"href":"https:\/\/www.suigenerisaosta.com\/fr\/wp-json\/wp\/v2\/media?parent=737"}],"curies":[{"name":"wp","href":"https:\/\/api.w.org\/{rel}","templated":true}]}}